{"id":638,"date":"2023-10-26T11:40:32","date_gmt":"2023-10-26T09:40:32","guid":{"rendered":"https:\/\/xn--confrariamarededudemontserratlleida-qdd.cat\/?page_id=638"},"modified":"2023-11-08T19:58:25","modified_gmt":"2023-11-08T17:58:25","slug":"confraria-mare-de-deu-de-montserrat-lleida-3","status":"publish","type":"page","link":"https:\/\/xn--confrariamarededudemontserratlleida-qdd.cat\/index.php\/confraria-mare-de-deu-de-montserrat-lleida-3\/","title":{"rendered":"QUI SOM"},"content":{"rendered":"<div class=\"wp-block-image\">\n<figure class=\"aligncenter size-full is-resized\"><img loading=\"lazy\" decoding=\"async\" width=\"1024\" height=\"767\" src=\"https:\/\/xn--confrariamarededudemontserratlleida-qdd.cat\/wp-content\/uploads\/2023\/10\/romeries-montserrat-7-1.jpg\" alt=\"\" class=\"wp-image-127\" style=\"aspect-ratio:1.3350717079530638;width:544px;height:auto\" srcset=\"https:\/\/xn--confrariamarededudemontserratlleida-qdd.cat\/wp-content\/uploads\/2023\/10\/romeries-montserrat-7-1.jpg 1024w, https:\/\/xn--confrariamarededudemontserratlleida-qdd.cat\/wp-content\/uploads\/2023\/10\/romeries-montserrat-7-1-300x225.jpg 300w, https:\/\/xn--confrariamarededudemontserratlleida-qdd.cat\/wp-content\/uploads\/2023\/10\/romeries-montserrat-7-1-768x575.jpg 768w\" sizes=\"(max-width: 1024px) 100vw, 1024px\" \/><\/figure><\/div>\n\n\n<p class=\"has-text-align-center\">La Confraria de la Mare de D\u00e9u de Montserrat a LLeida \u00e9s una Organitzaci\u00f3 religiosa que Promou la devoci\u00f3 a La Moreneta, organitzant diferents actes durant tot l&#8217;any<\/p>\n\n\n\n<h2 class=\"wp-block-heading has-text-align-center\"><strong>EQUIP DE PASTORAL<\/strong><\/h2>\n\n\n<div class=\"wp-block-image\">\n<figure class=\"aligncenter size-large is-resized\"><img loading=\"lazy\" decoding=\"async\" width=\"1024\" height=\"576\" src=\"https:\/\/xn--confrariamarededudemontserratlleida-qdd.cat\/wp-content\/uploads\/2023\/10\/equip-pastoral-1-1024x576.jpg\" alt=\"\" class=\"wp-image-654\" style=\"aspect-ratio:1.7777777777777777;width:524px;height:auto\" srcset=\"https:\/\/xn--confrariamarededudemontserratlleida-qdd.cat\/wp-content\/uploads\/2023\/10\/equip-pastoral-1-1024x576.jpg 1024w, https:\/\/xn--confrariamarededudemontserratlleida-qdd.cat\/wp-content\/uploads\/2023\/10\/equip-pastoral-1-300x169.jpg 300w, https:\/\/xn--confrariamarededudemontserratlleida-qdd.cat\/wp-content\/uploads\/2023\/10\/equip-pastoral-1-768x432.jpg 768w, https:\/\/xn--confrariamarededudemontserratlleida-qdd.cat\/wp-content\/uploads\/2023\/10\/equip-pastoral-1-1536x864.jpg 1536w, https:\/\/xn--confrariamarededudemontserratlleida-qdd.cat\/wp-content\/uploads\/2023\/10\/equip-pastoral-1.jpg 1600w\" sizes=\"(max-width: 1024px) 100vw, 1024px\" \/><\/figure><\/div>\n\n\n<p class=\"has-text-align-center\">Secret\u00e0ria    :  <a href=\"https:\/\/www.bisbatlleida.org\/ca\/persona\/llop-pujol-sra-teresa\">Llop Pujol, Sra. Teresa<\/a> <\/p>\n\n\n\n<p class=\"has-text-align-center\">Consiliari     :  <a href=\"https:\/\/www.bisbatlleida.org\/ca\/persona\/escorihuela-pujol-mn-josep-m%C2%AA\">Escorihuela Pujol, Mn. Josep M\u00aa<\/a><\/p>\n\n\n\n<p class=\"has-text-align-center\">President     :  <a href=\"https:\/\/www.bisbatlleida.org\/ca\/content\/estruch-bascompte-sr-josep\">Estruch Bascompte, Sr. Josep<\/a><\/p>\n","protected":false},"excerpt":{"rendered":"<p>La Confraria de la Mare de D\u00e9u de Montserrat a LLeida \u00e9s una Organitzaci\u00f3 religiosa que Promou la devoci\u00f3 a&hellip;<\/p>\n","protected":false},"author":1,"featured_media":0,"parent":0,"menu_order":0,"comment_status":"closed","ping_status":"closed","template":"","meta":{"ngg_post_thumbnail":0,"footnotes":""},"_links":{"self":[{"href":"https:\/\/xn--confrariamarededudemontserratlleida-qdd.cat\/index.php\/wp-json\/wp\/v2\/pages\/638"}],"collection":[{"href":"https:\/\/xn--confrariamarededudemontserratlleida-qdd.cat\/index.php\/wp-json\/wp\/v2\/pages"}],"about":[{"href":"https:\/\/xn--confrariamarededudemontserratlleida-qdd.cat\/index.php\/wp-json\/wp\/v2\/types\/page"}],"author":[{"embeddable":true,"href":"https:\/\/xn--confrariamarededudemontserratlleida-qdd.cat\/index.php\/wp-json\/wp\/v2\/users\/1"}],"replies":[{"embeddable":true,"href":"https:\/\/xn--confrariamarededudemontserratlleida-qdd.cat\/index.php\/wp-json\/wp\/v2\/comments?post=638"}],"version-history":[{"count":8,"href":"https:\/\/xn--confrariamarededudemontserratlleida-qdd.cat\/index.php\/wp-json\/wp\/v2\/pages\/638\/revisions"}],"predecessor-version":[{"id":656,"href":"https:\/\/xn--confrariamarededudemontserratlleida-qdd.cat\/index.php\/wp-json\/wp\/v2\/pages\/638\/revisions\/656"}],"wp:attachment":[{"href":"https:\/\/xn--confrariamarededudemontserratlleida-qdd.cat\/index.php\/wp-json\/wp\/v2\/media?parent=638"}],"curies":[{"name":"wp","href":"https:\/\/api.w.org\/{rel}","templated":true}]}}